{"id":3,"date":"2025-07-06T18:42:36","date_gmt":"2025-07-06T15:42:36","guid":{"rendered":"http:\/\/localhost\/brsweb\/?page_id=3"},"modified":"2025-07-12T12:28:21","modified_gmt":"2025-07-12T09:28:21","slug":"impressum-datenschutz","status":"publish","type":"page","link":"https:\/\/brs-web.com\/de\/impressum-datenschutz\/","title":{"rendered":"Impressum &#038; Datenschutz"},"content":{"rendered":"\t\t<div data-elementor-type=\"wp-page\" data-elementor-id=\"3\" class=\"elementor elementor-3\" data-elementor-post-type=\"page\">\n\t\t\t\t\t\t<section class=\"elementor-section elementor-top-section elementor-element elementor-element-579293f8 elementor-reverse-tablet elementor-reverse-mobile elementor-section-boxed elementor-section-height-default elementor-section-height-default\" data-id=\"579293f8\" data-element_type=\"section\" data-e-type=\"section\" data-settings=\"{&quot;background_background&quot;:&quot;classic&quot;}\">\n\t\t\t\t\t\t\t<div class=\"elementor-background-overlay\"><\/div>\n\t\t\t\t\t\t\t<div class=\"elementor-container elementor-column-gap-default\">\n\t\t\t\t\t<div class=\"elementor-column elementor-col-100 elementor-top-column elementor-element elementor-element-3b96f77d\" data-id=\"3b96f77d\" data-element_type=\"column\" data-e-type=\"column\">\n\t\t\t<div class=\"elementor-widget-wrap elementor-element-populated\">\n\t\t\t\t\t\t<div class=\"elementor-element elementor-element-146754a0 elementor-widget elementor-widget-heading\" data-id=\"146754a0\" data-element_type=\"widget\" data-e-type=\"widget\" data-widget_type=\"heading.default\">\n\t\t\t\t\t<h1 class=\"elementor-heading-title elementor-size-default\">Impressum &amp; Datenschutz<\/h1>\t\t\t\t<\/div>\n\t\t\t\t<div class=\"elementor-element elementor-element-4172c54c elementor-widget-divider--separator-type-pattern elementor-widget-divider--view-line elementor-widget elementor-widget-divider\" data-id=\"4172c54c\" data-element_type=\"widget\" data-e-type=\"widget\" data-widget_type=\"divider.default\">\n\t\t\t\t\t\t\t<div class=\"elementor-divider\" style=\"--divider-pattern-url: url(&quot;data:image\/svg+xml,%3Csvg xmlns=&#039;http:\/\/www.w3.org\/2000\/svg&#039; preserveAspectRatio=&#039;none&#039; overflow=&#039;visible&#039; height=&#039;100%&#039; viewBox=&#039;0 0 24 24&#039; fill=&#039;none&#039; stroke=&#039;black&#039; stroke-width=&#039;2&#039; stroke-linecap=&#039;square&#039; stroke-miterlimit=&#039;10&#039;%3E%3Cpolyline points=&#039;0,18 12,6 24,18 &#039;\/%3E%3C\/svg%3E&quot;);\">\n\t\t\t<span class=\"elementor-divider-separator\">\n\t\t\t\t\t\t<\/span>\n\t\t<\/div>\n\t\t\t\t\t\t<\/div>\n\t\t\t\t\t<\/div>\n\t\t<\/div>\n\t\t\t\t\t<\/div>\n\t\t<\/section>\n\t\t<div class=\"elementor-element elementor-element-624fdad e-flex e-con-boxed e-con e-parent\" data-id=\"624fdad\" data-element_type=\"container\" data-e-type=\"container\">\n\t\t\t\t\t<div class=\"e-con-inner\">\n\t\t\t\t<div class=\"elementor-element elementor-element-78d2cbd0 elementor-widget elementor-widget-text-editor\" data-id=\"78d2cbd0\" data-element_type=\"widget\" data-e-type=\"widget\" data-widget_type=\"text-editor.default\">\n\t\t\t\t\t\t\t\t\t<h2>Impressum<\/h2><p><strong>Angaben gem\u00e4\u00df \u00a7 5 TMG:<\/strong><br \/>BRS WEB<br \/>E-Mail: <a href=\"mailto:info@brs-web.com\">info@brs-web.com<\/a><br \/>Website: <a href=\"https:\/\/www.brs-web.com\" target=\"_blank\" rel=\"noopener\">www.brs-web.com<\/a><\/p><p><strong>Verantwortlich f\u00fcr den Inhalt nach \u00a7 55 Abs. 2 RStV:<\/strong><br \/>BRS WEB \u2013 Barbaros \u00d6zer<br \/>E-Mail: <a href=\"mailto:info@brs-web.com\">info@brs-web.com<\/a><\/p><hr \/><h2>Datenschutzerkl\u00e4rung<\/h2><p>Der Schutz Ihrer pers\u00f6nlichen Daten ist uns ein besonderes Anliegen. Wir verarbeiten Ihre Daten ausschlie\u00dflich auf Grundlage der gesetzlichen Bestimmungen (DSGVO, TMG).<\/p><h3>1. Allgemeines<\/h3><p>Beim Besuch unserer Website werden automatisch Informationen durch den Hosting-Provider und Webanalyse-Tools erfasst (z.B. IP-Adresse, Browsertyp, besuchte Seiten, Verweildauer).<\/p><h3>2. Verwendung von Google Analytics<\/h3><p>Unsere Website verwendet Google Analytics, einen Webanalysedienst der Google Ireland Ltd. Die durch Cookies erzeugten Informationen \u00fcber Ihre Benutzung dieser Website werden anonymisiert an Google \u00fcbertragen und gespeichert. Google verwendet diese Informationen, um Ihre Nutzung der Website auszuwerten und Reports \u00fcber Websiteaktivit\u00e4ten zu erstellen.<\/p><p>Weitere Informationen finden Sie in der <a href=\"https:\/\/policies.google.com\/privacy\" target=\"_blank\" rel=\"noopener\">Datenschutzerkl\u00e4rung von Google<\/a>.<\/p><h3>3. Ihre Rechte<\/h3><p>Sie haben gem\u00e4\u00df DSGVO das Recht auf Auskunft, Berichtigung, L\u00f6schung, Einschr\u00e4nkung der Verarbeitung sowie Widerspruch gegen die Verarbeitung Ihrer personenbezogenen Daten. Anfragen richten Sie bitte an:<\/p><p><a href=\"mailto:info@brs-web.com\">info@brs-web.com<\/a><\/p><hr \/><h2>Cookie-Hinweis<\/h2><p>Diese Website verwendet Cookies, um Inhalte zu personalisieren, die Nutzung zu analysieren und die Funktionalit\u00e4t zu verbessern. Einige Cookies sind essenziell, andere helfen uns, die Website zu optimieren.<\/p><p>Durch die weitere Nutzung der Website stimmen Sie der Verwendung von Cookies gem\u00e4\u00df unserer Datenschutzerkl\u00e4rung zu.<\/p><p>Sie k\u00f6nnen Cookies \u00fcber Ihre Browser-Einstellungen deaktivieren:<\/p><ul><li><a href=\"https:\/\/support.google.com\/chrome\/answer\/95647\" target=\"_blank\" rel=\"noopener\">Google Chrome<\/a><\/li><li><a href=\"https:\/\/support.mozilla.org\/de\/kb\/cookies-loeschen-daten-von-websites-entfernen\" target=\"_blank\" rel=\"noopener\">Mozilla Firefox<\/a><\/li><li><a href=\"https:\/\/support.apple.com\/de-de\/HT201265\" target=\"_blank\" rel=\"noopener\">Safari<\/a><\/li><li><a href=\"https:\/\/support.microsoft.com\/de-de\/help\/4027947\" target=\"_blank\" rel=\"noopener\">Microsoft Edge<\/a><\/li><\/ul>\t\t\t\t\t\t\t\t<\/div>\n\t\t\t\t\t<\/div>\n\t\t\t\t<\/div>\n\t\t\t\t<\/div>\n\t\t","protected":false},"excerpt":{"rendered":"<p>Impressum &amp; Datenschutz Impressum Angaben gem\u00e4\u00df \u00a7 5 TMG:BRS WEBE-Mail: info@brs-web.comWebsite: www.brs-web.com Verantwortlich f\u00fcr den Inhalt nach \u00a7 55 Abs. 2 RStV:BRS WEB \u2013 Barbaros \u00d6zerE-Mail: info@brs-web.com Datenschutzerkl\u00e4rung Der Schutz Ihrer pers\u00f6nlichen Daten ist uns ein besonderes Anliegen. Wir verarbeiten Ihre Daten ausschlie\u00dflich auf Grundlage der gesetzlichen Bestimmungen (DSGVO, TMG). 1. Allgemeines Beim Besuch unserer [&hellip;]<\/p>\n","protected":false},"author":1,"featured_media":0,"parent":0,"menu_order":0,"comment_status":"closed","ping_status":"closed","template":"","meta":{"footnotes":""},"class_list":["post-3","page","type-page","status-publish","hentry"],"_links":{"self":[{"href":"https:\/\/brs-web.com\/de\/wp-json\/wp\/v2\/pages\/3","targetHints":{"allow":["GET"]}}],"collection":[{"href":"https:\/\/brs-web.com\/de\/wp-json\/wp\/v2\/pages"}],"about":[{"href":"https:\/\/brs-web.com\/de\/wp-json\/wp\/v2\/types\/page"}],"author":[{"embeddable":true,"href":"https:\/\/brs-web.com\/de\/wp-json\/wp\/v2\/users\/1"}],"replies":[{"embeddable":true,"href":"https:\/\/brs-web.com\/de\/wp-json\/wp\/v2\/comments?post=3"}],"version-history":[{"count":18,"href":"https:\/\/brs-web.com\/de\/wp-json\/wp\/v2\/pages\/3\/revisions"}],"predecessor-version":[{"id":662,"href":"https:\/\/brs-web.com\/de\/wp-json\/wp\/v2\/pages\/3\/revisions\/662"}],"wp:attachment":[{"href":"https:\/\/brs-web.com\/de\/wp-json\/wp\/v2\/media?parent=3"}],"curies":[{"name":"wp","href":"https:\/\/api.w.org\/{rel}","templated":true}]}}